{"id":1549,"date":"2025-02-07T11:52:15","date_gmt":"2025-02-07T11:52:15","guid":{"rendered":"https:\/\/rede-esmar.gal\/?page_id=1549"},"modified":"2026-02-27T12:46:56","modified_gmt":"2026-02-27T11:46:56","slug":"axudas","status":"publish","type":"page","link":"https:\/\/rede-esmar.gal\/es\/axudas\/","title":{"rendered":"Ayudas"},"content":{"rendered":"<div class=\"osomblocks-cptlist alignwide\" ><article class=\"entry\"><a href=\"https:\/\/rede-esmar.gal\/es\/ig408b-prestamos-directos-1-prestamos-para-proxectos-de-investimento-2026\/\"><\/a><div><header><h4><a href=\"https:\/\/rede-esmar.gal\/es\/ig408b-prestamos-directos-1-prestamos-para-proxectos-de-investimento-2026\/\">IG408B \u2013 PR\u00c9STAMOS DIRECTOS \u2013 1. Pr\u00e9stamos para proyectos de inversi\u00f3n (2026)<\/a><\/h4><\/header><p><span style=\"color: green;\">Plazo abierto<\/span>IG408B \u2013 PR\u00c9STAMOS DIRECTOS \u2013 1. Pr\u00e9stamos para (\u2026)<\/p><a class=\"more-link\" href=\"https:\/\/rede-esmar.gal\/es\/ig408b-prestamos-directos-1-prestamos-para-proxectos-de-investimento-2026\/\">Saber m\u00e1s<\/a><\/div><\/article><article class=\"entry\"><a href=\"https:\/\/rede-esmar.gal\/es\/axudas-pola-paralizacion-temporal-da-actividade-pesqueira-para-persoas-armadoras-e-tripulantes-convocatoria-2026\/\"><\/a><div><header><h4><a href=\"https:\/\/rede-esmar.gal\/es\/axudas-pola-paralizacion-temporal-da-actividade-pesqueira-para-persoas-armadoras-e-tripulantes-convocatoria-2026\/\">Ayudas por la paralizaci\u00f3n temporal de la actividad pesquera para personas armadoras y tripulantes- Convocatoria 2026<\/a><\/h4><\/header><p><span style=\"color: green;\">Plazo abierto<\/span>.\nAyudas por la paralizaci\u00f3n temporal de la actividad pesquera   (\u2026)<\/p><a class=\"more-link\" href=\"https:\/\/rede-esmar.gal\/es\/axudas-pola-paralizacion-temporal-da-actividade-pesqueira-para-persoas-armadoras-e-tripulantes-convocatoria-2026\/\">Saber m\u00e1s<\/a><\/div><\/article><article class=\"entry\"><a href=\"https:\/\/rede-esmar.gal\/es\/subvencions-as-confrarias-de-pescadoras-e-pescadores-federacion-de-confrarias-e-agrupacions-de-mariscadoras-da-provincia-de-pontevedra-para-investimentos-e-gastos-correntes-durante-o-exercicio-2026\/\"><\/a><div><header><h4><a href=\"https:\/\/rede-esmar.gal\/es\/subvencions-as-confrarias-de-pescadoras-e-pescadores-federacion-de-confrarias-e-agrupacions-de-mariscadoras-da-provincia-de-pontevedra-para-investimentos-e-gastos-correntes-durante-o-exercicio-2026\/\">Subvenciones a las cofrad\u00edas de pescadoras y pescadores, Federaci\u00f3n de Cofrad\u00edas y agrupaciones de mariscadoras de la provincia de Pontevedra para inversiones y gastos corrientes durante el ejercicio 2026<\/a><\/h4><\/header><p><span style=\"color: green;\">Plazo abierto<\/span>.\nSubvenciones a las cofrad\u00edas de pescadoras y pescadores, Federaci\u00f3n de Cofrad\u00edas y agrupaciones de mariscadoras  (\u2026)<\/p><a class=\"more-link\" href=\"https:\/\/rede-esmar.gal\/es\/subvencions-as-confrarias-de-pescadoras-e-pescadores-federacion-de-confrarias-e-agrupacions-de-mariscadoras-da-provincia-de-pontevedra-para-investimentos-e-gastos-correntes-durante-o-exercicio-2026\/\">Saber m\u00e1s<\/a><\/div><\/article><\/div><div class=\"osom-pagination\"><span aria-current=\"page\" class=\"page-numbers current\">1<\/span>\n<a class=\"page-numbers\" href=\"https:\/\/rede-esmar.gal\/es\/wp-json\/wp\/v2\/pages\/1549\/page\/2\/\">2<\/a>\n<a class=\"page-numbers\" href=\"https:\/\/rede-esmar.gal\/es\/wp-json\/wp\/v2\/pages\/1549\/page\/3\/\">3<\/a>\n<a class=\"page-numbers\" href=\"https:\/\/rede-esmar.gal\/es\/wp-json\/wp\/v2\/pages\/1549\/page\/4\/\">4<\/a>\n<a class=\"next page-numbers\" href=\"https:\/\/rede-esmar.gal\/es\/wp-json\/wp\/v2\/pages\/1549\/page\/2\/\">Entradas siguientes &raquo; <i><\/i><\/a><\/div>\n\n\n<p><\/p>","protected":false},"excerpt":{"rendered":"","protected":false},"author":3,"featured_media":0,"parent":0,"menu_order":0,"comment_status":"closed","ping_status":"closed","template":"","meta":{"_acf_changed":false,"saved_in_kubio":true,"content-type":"","osom_blocks_metabox":"","_monsterinsights_skip_tracking":false,"_monsterinsights_sitenote_active":false,"_monsterinsights_sitenote_note":"","_monsterinsights_sitenote_category":0,"_price":"","_stock":"","_tribe_ticket_header":"","_tribe_default_ticket_provider":"","_tribe_ticket_capacity":"0","_ticket_start_date":"","_ticket_end_date":"","_tribe_ticket_show_description":"","_tribe_ticket_show_not_going":false,"_tribe_ticket_use_global_stock":"","_tribe_ticket_global_stock_level":"","_global_stock_mode":"","_global_stock_cap":"","_tribe_rsvp_for_event":"","_tribe_ticket_going_count":"","_tribe_ticket_not_going_count":"","_tribe_tickets_list":"[]","_tribe_ticket_has_attendee_info_fields":false,"_EventAllDay":false,"_EventTimezone":"","_EventStartDate":"","_EventEndDate":"","_EventStartDateUTC":"","_EventEndDateUTC":"","_EventShowMap":false,"_EventShowMapLink":false,"_EventURL":"","_EventCost":"","_EventCostDescription":"","_EventCurrencySymbol":"","_EventCurrencyCode":"","_EventCurrencyPosition":"","_EventDateTimeSeparator":"","_EventTimeRangeSeparator":"","_EventOrganizerID":[],"_EventVenueID":[],"_OrganizerEmail":"","_OrganizerPhone":"","_OrganizerWebsite":"","_VenueAddress":"","_VenueCity":"","_VenueCountry":"","_VenueProvince":"","_VenueState":"","_VenueZip":"","_VenuePhone":"","_VenueURL":"","_VenueStateProvince":"","_VenueLat":"","_VenueLng":"","_VenueShowMap":false,"_VenueShowMapLink":false,"footnotes":"","_tec_slr_enabled":"","_tec_slr_layout":""},"class_list":["post-1549","page","type-page","status-publish","hentry"],"acf":[],"kubio_ai_page_context":{"short_desc":"","purpose":"general"},"yoast_head":"<!-- This site is optimized with the Yoast SEO plugin v26.1.1 - https:\/\/yoast.com\/wordpress\/plugins\/seo\/ -->\n<title>Axudas - ES\u00b7MAR<\/title>\n<meta name=\"robots\" content=\"index, follow, max-snippet:-1, max-image-preview:large, max-video-preview:-1\" \/>\n<link rel=\"canonical\" href=\"https:\/\/rede-esmar.gal\/es\/axudas\/\" \/>\n<meta property=\"og:locale\" content=\"es_ES\" \/>\n<meta property=\"og:type\" content=\"article\" \/>\n<meta property=\"og:title\" content=\"Axudas - ES\u00b7MAR\" \/>\n<meta property=\"og:url\" content=\"https:\/\/rede-esmar.gal\/es\/axudas\/\" \/>\n<meta property=\"og:site_name\" content=\"ES\u00b7MAR\" \/>\n<meta property=\"article:modified_time\" content=\"2026-02-27T11:46:56+00:00\" \/>\n<meta name=\"twitter:card\" content=\"summary_large_image\" \/>\n<script type=\"application\/ld+json\" class=\"yoast-schema-graph\">{\"@context\":\"https:\/\/schema.org\",\"@graph\":[{\"@type\":\"WebPage\",\"@id\":\"https:\/\/rede-esmar.gal\/axudas\/\",\"url\":\"https:\/\/rede-esmar.gal\/axudas\/\",\"name\":\"Axudas - ES\u00b7MAR\",\"isPartOf\":{\"@id\":\"https:\/\/rede-esmar.gal\/#website\"},\"datePublished\":\"2025-02-07T11:52:15+00:00\",\"dateModified\":\"2026-02-27T11:46:56+00:00\",\"breadcrumb\":{\"@id\":\"https:\/\/rede-esmar.gal\/axudas\/#breadcrumb\"},\"inLanguage\":\"es\",\"potentialAction\":[{\"@type\":\"ReadAction\",\"target\":[\"https:\/\/rede-esmar.gal\/axudas\/\"]}]},{\"@type\":\"BreadcrumbList\",\"@id\":\"https:\/\/rede-esmar.gal\/axudas\/#breadcrumb\",\"itemListElement\":[{\"@type\":\"ListItem\",\"position\":1,\"name\":\"Portada\",\"item\":\"https:\/\/rede-esmar.gal\/\"},{\"@type\":\"ListItem\",\"position\":2,\"name\":\"Axudas\"}]},{\"@type\":\"WebSite\",\"@id\":\"https:\/\/rede-esmar.gal\/#website\",\"url\":\"https:\/\/rede-esmar.gal\/\",\"name\":\"ES\u00b7MAR\",\"description\":\"\",\"publisher\":{\"@id\":\"https:\/\/rede-esmar.gal\/#organization\"},\"potentialAction\":[{\"@type\":\"SearchAction\",\"target\":{\"@type\":\"EntryPoint\",\"urlTemplate\":\"https:\/\/rede-esmar.gal\/?s={search_term_string}\"},\"query-input\":{\"@type\":\"PropertyValueSpecification\",\"valueRequired\":true,\"valueName\":\"search_term_string\"}}],\"inLanguage\":\"es\"},{\"@type\":\"Organization\",\"@id\":\"https:\/\/rede-esmar.gal\/#organization\",\"name\":\"ES\u00b7MAR\",\"url\":\"https:\/\/rede-esmar.gal\/\",\"logo\":{\"@type\":\"ImageObject\",\"inLanguage\":\"es\",\"@id\":\"https:\/\/rede-esmar.gal\/#\/schema\/logo\/image\/\",\"url\":\"https:\/\/rede-esmar.gal\/wp-content\/uploads\/2025\/01\/logo-web-blanco-1.png\",\"contentUrl\":\"https:\/\/rede-esmar.gal\/wp-content\/uploads\/2025\/01\/logo-web-blanco-1.png\",\"width\":300,\"height\":99,\"caption\":\"ES\u00b7MAR\"},\"image\":{\"@id\":\"https:\/\/rede-esmar.gal\/#\/schema\/logo\/image\/\"}}]}<\/script>\n<!-- \/ Yoast SEO plugin. -->","yoast_head_json":{"title":"Axudas - ES\u00b7MAR","robots":{"index":"index","follow":"follow","max-snippet":"max-snippet:-1","max-image-preview":"max-image-preview:large","max-video-preview":"max-video-preview:-1"},"canonical":"https:\/\/rede-esmar.gal\/es\/axudas\/","og_locale":"es_ES","og_type":"article","og_title":"Axudas - ES\u00b7MAR","og_url":"https:\/\/rede-esmar.gal\/es\/axudas\/","og_site_name":"ES\u00b7MAR","article_modified_time":"2026-02-27T11:46:56+00:00","twitter_card":"summary_large_image","schema":{"@context":"https:\/\/schema.org","@graph":[{"@type":"WebPage","@id":"https:\/\/rede-esmar.gal\/axudas\/","url":"https:\/\/rede-esmar.gal\/axudas\/","name":"Axudas - ES\u00b7MAR","isPartOf":{"@id":"https:\/\/rede-esmar.gal\/#website"},"datePublished":"2025-02-07T11:52:15+00:00","dateModified":"2026-02-27T11:46:56+00:00","breadcrumb":{"@id":"https:\/\/rede-esmar.gal\/axudas\/#breadcrumb"},"inLanguage":"es","potentialAction":[{"@type":"ReadAction","target":["https:\/\/rede-esmar.gal\/axudas\/"]}]},{"@type":"BreadcrumbList","@id":"https:\/\/rede-esmar.gal\/axudas\/#breadcrumb","itemListElement":[{"@type":"ListItem","position":1,"name":"Portada","item":"https:\/\/rede-esmar.gal\/"},{"@type":"ListItem","position":2,"name":"Axudas"}]},{"@type":"WebSite","@id":"https:\/\/rede-esmar.gal\/#website","url":"https:\/\/rede-esmar.gal\/","name":"ES\u00b7MAR","description":"","publisher":{"@id":"https:\/\/rede-esmar.gal\/#organization"},"potentialAction":[{"@type":"SearchAction","target":{"@type":"EntryPoint","urlTemplate":"https:\/\/rede-esmar.gal\/?s={search_term_string}"},"query-input":{"@type":"PropertyValueSpecification","valueRequired":true,"valueName":"search_term_string"}}],"inLanguage":"es"},{"@type":"Organization","@id":"https:\/\/rede-esmar.gal\/#organization","name":"ES\u00b7MAR","url":"https:\/\/rede-esmar.gal\/","logo":{"@type":"ImageObject","inLanguage":"es","@id":"https:\/\/rede-esmar.gal\/#\/schema\/logo\/image\/","url":"https:\/\/rede-esmar.gal\/wp-content\/uploads\/2025\/01\/logo-web-blanco-1.png","contentUrl":"https:\/\/rede-esmar.gal\/wp-content\/uploads\/2025\/01\/logo-web-blanco-1.png","width":300,"height":99,"caption":"ES\u00b7MAR"},"image":{"@id":"https:\/\/rede-esmar.gal\/#\/schema\/logo\/image\/"}}]}},"jetpack_sharing_enabled":true,"ticketed":false,"_links":{"self":[{"href":"https:\/\/rede-esmar.gal\/es\/wp-json\/wp\/v2\/pages\/1549","targetHints":{"allow":["GET"]}}],"collection":[{"href":"https:\/\/rede-esmar.gal\/es\/wp-json\/wp\/v2\/pages"}],"about":[{"href":"https:\/\/rede-esmar.gal\/es\/wp-json\/wp\/v2\/types\/page"}],"author":[{"embeddable":true,"href":"https:\/\/rede-esmar.gal\/es\/wp-json\/wp\/v2\/users\/3"}],"replies":[{"embeddable":true,"href":"https:\/\/rede-esmar.gal\/es\/wp-json\/wp\/v2\/comments?post=1549"}],"version-history":[{"count":19,"href":"https:\/\/rede-esmar.gal\/es\/wp-json\/wp\/v2\/pages\/1549\/revisions"}],"predecessor-version":[{"id":15236,"href":"https:\/\/rede-esmar.gal\/es\/wp-json\/wp\/v2\/pages\/1549\/revisions\/15236"}],"wp:attachment":[{"href":"https:\/\/rede-esmar.gal\/es\/wp-json\/wp\/v2\/media?parent=1549"}],"curies":[{"name":"wp","href":"https:\/\/api.w.org\/{rel}","templated":true}]}}