{"id":1795,"date":"2025-02-27T09:19:12","date_gmt":"2025-02-27T09:19:12","guid":{"rendered":"https:\/\/rede-esmar.gal\/?page_id=1795"},"modified":"2025-02-27T09:19:13","modified_gmt":"2025-02-27T09:19:13","slug":"1795-2","status":"publish","type":"page","link":"https:\/\/rede-esmar.gal\/es\/1795-2\/","title":{"rendered":""},"content":{"rendered":"<div class=\"osomblocks-cptlist alignwide\" ><article class=\"entry\"><a href=\"https:\/\/rede-esmar.gal\/es\/villaverde-reafirma-o-compromiso-da-xunta-co-marisqueo-con-preto-de-23-me-para-recuperar-os-bancos-afectados-polos-temporais\/\"><\/a><div><header><h3><a href=\"https:\/\/rede-esmar.gal\/es\/villaverde-reafirma-o-compromiso-da-xunta-co-marisqueo-con-preto-de-23-me-para-recuperar-os-bancos-afectados-polos-temporais\/\">Villaverde reafirma el compromiso de la Xunta con el marisqueo con cerca de 23 M\u20ac para recuperar los bancos afectados por los temporales<\/a><\/h3><\/header><p>La conselleira del Mar, Marta Villaverde, defendi\u00f3 el 21 de abril en el Pleno del Parlamento de Galicia la gesti\u00f3n de la Xunta ante el episodio de mortalidad derivado de los temporales de comienzos de a\u00f1o. (\u2026)<\/p><a class=\"more-link\" href=\"https:\/\/rede-esmar.gal\/es\/villaverde-reafirma-o-compromiso-da-xunta-co-marisqueo-con-preto-de-23-me-para-recuperar-os-bancos-afectados-polos-temporais\/\">Saber m\u00e1s<\/a><\/div><\/article><article class=\"entry\"><a href=\"https:\/\/rede-esmar.gal\/es\/galicia-reforza-a-sua-seguridade-alimentaria-cun-acordo-entre-as-consellerias-de-sanidade-e-do-mar-para-controlar-o-peixe-das-piscifactorias\/\"><\/a><div><header><h3><a href=\"https:\/\/rede-esmar.gal\/es\/galicia-reforza-a-sua-seguridade-alimentaria-cun-acordo-entre-as-consellerias-de-sanidade-e-do-mar-para-controlar-o-peixe-das-piscifactorias\/\">Galicia refuerza su seguridad alimentaria con un acuerdo entre las conseller\u00edas de Sanidad y del Mar para controlar el pescado de las piscifactor\u00edas<\/a><\/h3><\/header><p>El conselleiro de Sanidad, Antonio G\u00f3mez Caama\u00f1o, y la conselleira del Mar, Marta Villaverde, firmaron a ma\u00f1ana de 23 de abril un convenio de colaboraci\u00f3n con objeto de analizar las muestras de pescado procedentes de las piscifactor\u00edas gallegas, con el fin de garantizar la seguridad alimentaria de estos productos. (\u2026)<\/p><a class=\"more-link\" href=\"https:\/\/rede-esmar.gal\/es\/galicia-reforza-a-sua-seguridade-alimentaria-cun-acordo-entre-as-consellerias-de-sanidade-e-do-mar-para-controlar-o-peixe-das-piscifactorias\/\">Saber m\u00e1s<\/a><\/div><\/article><article class=\"entry\"><a href=\"https:\/\/rede-esmar.gal\/es\/a-conselleira-do-mar-visita-as-case-50-empresas-galegas-presentes-en-seafood-expo-global-2026\/\"><\/a><div><header><h3><a href=\"https:\/\/rede-esmar.gal\/es\/a-conselleira-do-mar-visita-as-case-50-empresas-galegas-presentes-en-seafood-expo-global-2026\/\">La conselleira del Mar visita a las casi 50 empresas gallegas presentes en Seafood Expo Global 2026<\/a><\/h3><\/header><p>La conselleira del Mar de Galicia, Marta Villaverde, estuvo presente en la Seafood Expo Global 2026 de Barcelona para acompa\u00f1ar a la delegaci\u00f3n de empresas gallegas que participan en la feria. (\u2026)<\/p><a class=\"more-link\" href=\"https:\/\/rede-esmar.gal\/es\/a-conselleira-do-mar-visita-as-case-50-empresas-galegas-presentes-en-seafood-expo-global-2026\/\">Saber m\u00e1s<\/a><\/div><\/article><\/div><div class=\"osom-pagination\"><span aria-current=\"page\" class=\"page-numbers current\">1<\/span>\n<a class=\"page-numbers\" href=\"https:\/\/rede-esmar.gal\/es\/wp-json\/wp\/v2\/pages\/1795\/page\/2\/\">2<\/a>\n<span class=\"page-numbers dots\">&hellip;<\/span>\n<a class=\"page-numbers\" href=\"https:\/\/rede-esmar.gal\/es\/wp-json\/wp\/v2\/pages\/1795\/page\/87\/\">87<\/a>\n<a class=\"page-numbers\" href=\"https:\/\/rede-esmar.gal\/es\/wp-json\/wp\/v2\/pages\/1795\/page\/88\/\">88<\/a>\n<a class=\"next page-numbers\" href=\"https:\/\/rede-esmar.gal\/es\/wp-json\/wp\/v2\/pages\/1795\/page\/2\/\">Entradas siguientes &raquo; <i><\/i><\/a><\/div>","protected":false},"excerpt":{"rendered":"","protected":false},"author":3,"featured_media":0,"parent":0,"menu_order":0,"comment_status":"closed","ping_status":"closed","template":"","meta":{"_acf_changed":false,"saved_in_kubio":false,"content-type":"","osom_blocks_metabox":"","_monsterinsights_skip_tracking":false,"_monsterinsights_sitenote_active":false,"_monsterinsights_sitenote_note":"","_monsterinsights_sitenote_category":0,"_price":"","_stock":"","_tribe_ticket_header":"","_tribe_default_ticket_provider":"","_tribe_ticket_capacity":"0","_ticket_start_date":"","_ticket_end_date":"","_tribe_ticket_show_description":"","_tribe_ticket_show_not_going":false,"_tribe_ticket_use_global_stock":"","_tribe_ticket_global_stock_level":"","_global_stock_mode":"","_global_stock_cap":"","_tribe_rsvp_for_event":"","_tribe_ticket_going_count":"","_tribe_ticket_not_going_count":"","_tribe_tickets_list":"[]","_tribe_ticket_has_attendee_info_fields":false,"_EventAllDay":false,"_EventTimezone":"","_EventStartDate":"","_EventEndDate":"","_EventStartDateUTC":"","_EventEndDateUTC":"","_EventShowMap":false,"_EventShowMapLink":false,"_EventURL":"","_EventCost":"","_EventCostDescription":"","_EventCurrencySymbol":"","_EventCurrencyCode":"","_EventCurrencyPosition":"","_EventDateTimeSeparator":"","_EventTimeRangeSeparator":"","_EventOrganizerID":[],"_EventVenueID":[],"_OrganizerEmail":"","_OrganizerPhone":"","_OrganizerWebsite":"","_VenueAddress":"","_VenueCity":"","_VenueCountry":"","_VenueProvince":"","_VenueState":"","_VenueZip":"","_VenuePhone":"","_VenueURL":"","_VenueStateProvince":"","_VenueLat":"","_VenueLng":"","_VenueShowMap":false,"_VenueShowMapLink":false,"footnotes":"","_tec_slr_enabled":"","_tec_slr_layout":""},"class_list":["post-1795","page","type-page","status-publish","hentry"],"acf":[],"kubio_ai_page_context":{"short_desc":"","purpose":"general"},"yoast_head":"<!-- This site is optimized with the Yoast SEO plugin v26.1.1 - https:\/\/yoast.com\/wordpress\/plugins\/seo\/ -->\n<title>- ES\u00b7MAR<\/title>\n<meta name=\"robots\" content=\"index, follow, max-snippet:-1, max-image-preview:large, max-video-preview:-1\" \/>\n<link rel=\"canonical\" href=\"https:\/\/rede-esmar.gal\/es\/1795-2\/\" \/>\n<meta property=\"og:locale\" content=\"es_ES\" \/>\n<meta property=\"og:type\" content=\"article\" \/>\n<meta property=\"og:title\" content=\"- ES\u00b7MAR\" \/>\n<meta property=\"og:url\" content=\"https:\/\/rede-esmar.gal\/es\/1795-2\/\" \/>\n<meta property=\"og:site_name\" content=\"ES\u00b7MAR\" \/>\n<meta property=\"article:modified_time\" content=\"2025-02-27T09:19:13+00:00\" \/>\n<meta name=\"twitter:card\" content=\"summary_large_image\" \/>\n<script type=\"application\/ld+json\" class=\"yoast-schema-graph\">{\"@context\":\"https:\/\/schema.org\",\"@graph\":[{\"@type\":\"WebPage\",\"@id\":\"https:\/\/rede-esmar.gal\/1795-2\/\",\"url\":\"https:\/\/rede-esmar.gal\/1795-2\/\",\"name\":\"- ES\u00b7MAR\",\"isPartOf\":{\"@id\":\"https:\/\/rede-esmar.gal\/#website\"},\"datePublished\":\"2025-02-27T09:19:12+00:00\",\"dateModified\":\"2025-02-27T09:19:13+00:00\",\"inLanguage\":\"es\",\"potentialAction\":[{\"@type\":\"ReadAction\",\"target\":[\"https:\/\/rede-esmar.gal\/1795-2\/\"]}]},{\"@type\":\"WebSite\",\"@id\":\"https:\/\/rede-esmar.gal\/#website\",\"url\":\"https:\/\/rede-esmar.gal\/\",\"name\":\"ES\u00b7MAR\",\"description\":\"\",\"publisher\":{\"@id\":\"https:\/\/rede-esmar.gal\/#organization\"},\"potentialAction\":[{\"@type\":\"SearchAction\",\"target\":{\"@type\":\"EntryPoint\",\"urlTemplate\":\"https:\/\/rede-esmar.gal\/?s={search_term_string}\"},\"query-input\":{\"@type\":\"PropertyValueSpecification\",\"valueRequired\":true,\"valueName\":\"search_term_string\"}}],\"inLanguage\":\"es\"},{\"@type\":\"Organization\",\"@id\":\"https:\/\/rede-esmar.gal\/#organization\",\"name\":\"ES\u00b7MAR\",\"url\":\"https:\/\/rede-esmar.gal\/\",\"logo\":{\"@type\":\"ImageObject\",\"inLanguage\":\"es\",\"@id\":\"https:\/\/rede-esmar.gal\/#\/schema\/logo\/image\/\",\"url\":\"https:\/\/rede-esmar.gal\/wp-content\/uploads\/2025\/01\/logo-web-blanco-1.png\",\"contentUrl\":\"https:\/\/rede-esmar.gal\/wp-content\/uploads\/2025\/01\/logo-web-blanco-1.png\",\"width\":300,\"height\":99,\"caption\":\"ES\u00b7MAR\"},\"image\":{\"@id\":\"https:\/\/rede-esmar.gal\/#\/schema\/logo\/image\/\"}}]}<\/script>\n<!-- \/ Yoast SEO plugin. -->","yoast_head_json":{"title":"- ES\u00b7MAR","robots":{"index":"index","follow":"follow","max-snippet":"max-snippet:-1","max-image-preview":"max-image-preview:large","max-video-preview":"max-video-preview:-1"},"canonical":"https:\/\/rede-esmar.gal\/es\/1795-2\/","og_locale":"es_ES","og_type":"article","og_title":"- ES\u00b7MAR","og_url":"https:\/\/rede-esmar.gal\/es\/1795-2\/","og_site_name":"ES\u00b7MAR","article_modified_time":"2025-02-27T09:19:13+00:00","twitter_card":"summary_large_image","schema":{"@context":"https:\/\/schema.org","@graph":[{"@type":"WebPage","@id":"https:\/\/rede-esmar.gal\/1795-2\/","url":"https:\/\/rede-esmar.gal\/1795-2\/","name":"- ES\u00b7MAR","isPartOf":{"@id":"https:\/\/rede-esmar.gal\/#website"},"datePublished":"2025-02-27T09:19:12+00:00","dateModified":"2025-02-27T09:19:13+00:00","inLanguage":"es","potentialAction":[{"@type":"ReadAction","target":["https:\/\/rede-esmar.gal\/1795-2\/"]}]},{"@type":"WebSite","@id":"https:\/\/rede-esmar.gal\/#website","url":"https:\/\/rede-esmar.gal\/","name":"ES\u00b7MAR","description":"","publisher":{"@id":"https:\/\/rede-esmar.gal\/#organization"},"potentialAction":[{"@type":"SearchAction","target":{"@type":"EntryPoint","urlTemplate":"https:\/\/rede-esmar.gal\/?s={search_term_string}"},"query-input":{"@type":"PropertyValueSpecification","valueRequired":true,"valueName":"search_term_string"}}],"inLanguage":"es"},{"@type":"Organization","@id":"https:\/\/rede-esmar.gal\/#organization","name":"ES\u00b7MAR","url":"https:\/\/rede-esmar.gal\/","logo":{"@type":"ImageObject","inLanguage":"es","@id":"https:\/\/rede-esmar.gal\/#\/schema\/logo\/image\/","url":"https:\/\/rede-esmar.gal\/wp-content\/uploads\/2025\/01\/logo-web-blanco-1.png","contentUrl":"https:\/\/rede-esmar.gal\/wp-content\/uploads\/2025\/01\/logo-web-blanco-1.png","width":300,"height":99,"caption":"ES\u00b7MAR"},"image":{"@id":"https:\/\/rede-esmar.gal\/#\/schema\/logo\/image\/"}}]}},"jetpack_sharing_enabled":true,"ticketed":false,"_links":{"self":[{"href":"https:\/\/rede-esmar.gal\/es\/wp-json\/wp\/v2\/pages\/1795","targetHints":{"allow":["GET"]}}],"collection":[{"href":"https:\/\/rede-esmar.gal\/es\/wp-json\/wp\/v2\/pages"}],"about":[{"href":"https:\/\/rede-esmar.gal\/es\/wp-json\/wp\/v2\/types\/page"}],"author":[{"embeddable":true,"href":"https:\/\/rede-esmar.gal\/es\/wp-json\/wp\/v2\/users\/3"}],"replies":[{"embeddable":true,"href":"https:\/\/rede-esmar.gal\/es\/wp-json\/wp\/v2\/comments?post=1795"}],"version-history":[{"count":1,"href":"https:\/\/rede-esmar.gal\/es\/wp-json\/wp\/v2\/pages\/1795\/revisions"}],"predecessor-version":[{"id":1797,"href":"https:\/\/rede-esmar.gal\/es\/wp-json\/wp\/v2\/pages\/1795\/revisions\/1797"}],"wp:attachment":[{"href":"https:\/\/rede-esmar.gal\/es\/wp-json\/wp\/v2\/media?parent=1795"}],"curies":[{"name":"wp","href":"https:\/\/api.w.org\/{rel}","templated":true}]}}