{"id":6,"date":"2024-11-13T20:43:58","date_gmt":"2024-11-13T20:43:58","guid":{"rendered":"https:\/\/rede-esmar.gal\/servicios\/"},"modified":"2024-11-14T15:25:52","modified_gmt":"2024-11-14T15:25:52","slug":"servicios","status":"publish","type":"page","link":"https:\/\/rede-esmar.gal\/es\/servicios\/","title":{"rendered":"Servicios"},"content":{"rendered":"<header class=\"wp-block-group alignfull has-light-color has-color-1-background-color has-text-color has-background has-link-color wp-elements-5ba725354a794c84da5428ed99a01b14 is-content-justification-space-between is-layout-flex wp-container-core-group-is-layout-2 wp-block-group-is-layout-flex\" style=\"padding-top:var(--wp--preset--spacing--30);padding-right:var(--wp--preset--spacing--30);padding-bottom:var(--wp--preset--spacing--30);padding-left:var(--wp--preset--spacing--30)\">\n<div class=\"wp-block-group is-layout-flex wp-container-core-group-is-layout-1 wp-block-group-is-layout-flex\"><div class=\"wp-block-site-logo\"><a href=\"https:\/\/rede-esmar.gal\/es\/\" class=\"custom-logo-link\" rel=\"home\"><img loading=\"lazy\" decoding=\"async\" width=\"283\" height=\"93\" src=\"https:\/\/rede-esmar.gal\/wp-content\/uploads\/2025\/01\/logo-web-blanco-1.png\" class=\"custom-logo\" alt=\"ES\u00b7MAR\" \/><\/a><\/div><\/div>\n\n\n<nav class=\"is-responsive items-justified-right wp-block-navigation is-content-justification-right is-layout-flex wp-container-core-navigation-is-layout-1 wp-block-navigation-is-layout-flex\" aria-label=\"AI menu\" \n\t\t data-wp-interactive=\"core\/navigation\" data-wp-context='{\"overlayOpenedBy\":{\"click\":false,\"hover\":false,\"focus\":false},\"type\":\"overlay\",\"roleAttribute\":\"\",\"ariaLabel\":\"Men\\u00fa\"}'><button aria-haspopup=\"dialog\" aria-label=\"Abrir el men\u00fa\" class=\"wp-block-navigation__responsive-container-open\" \n\t\t\t\tdata-wp-on-async--click=\"actions.openMenuOnClick\"\n\t\t\t\tdata-wp-on--keydown=\"actions.handleMenuKeydown\"\n\t\t\t><svg width=\"24\" height=\"24\" xmlns=\"http:\/\/www.w3.org\/2000\/svg\" viewbox=\"0 0 24 24\" aria-hidden=\"true\" focusable=\"false\"><rect x=\"4\" y=\"7.5\" width=\"16\" height=\"1.5\" \/><rect x=\"4\" y=\"15\" width=\"16\" height=\"1.5\" \/><\/svg><\/button>\n\t\t\t\t<div class=\"wp-block-navigation__responsive-container\"  id=\"modal-1\" \n\t\t\t\tdata-wp-class--has-modal-open=\"state.isMenuOpen\"\n\t\t\t\tdata-wp-class--is-menu-open=\"state.isMenuOpen\"\n\t\t\t\tdata-wp-watch=\"callbacks.initMenu\"\n\t\t\t\tdata-wp-on--keydown=\"actions.handleMenuKeydown\"\n\t\t\t\tdata-wp-on-async--focusout=\"actions.handleMenuFocusout\"\n\t\t\t\ttabindex=\"-1\"\n\t\t\t>\n\t\t\t\t\t<div class=\"wp-block-navigation__responsive-close\" tabindex=\"-1\">\n\t\t\t\t\t\t<div class=\"wp-block-navigation__responsive-dialog\" \n\t\t\t\tdata-wp-bind--aria-modal=\"state.ariaModal\"\n\t\t\t\tdata-wp-bind--aria-label=\"state.ariaLabel\"\n\t\t\t\tdata-wp-bind--role=\"state.roleAttribute\"\n\t\t\t>\n\t\t\t\t\t\t\t<button aria-label=\"Cerrar el men\u00fa\" class=\"wp-block-navigation__responsive-container-close\" \n\t\t\t\tdata-wp-on-async--click=\"actions.closeMenuOnClick\"\n\t\t\t><svg xmlns=\"http:\/\/www.w3.org\/2000\/svg\" viewbox=\"0 0 24 24\" width=\"24\" height=\"24\" aria-hidden=\"true\" focusable=\"false\"><path d=\"m13.06 12 6.47-6.47-1.06-1.06L12 10.94 5.53 4.47 4.47 5.53 10.94 12l-6.47 6.47 1.06 1.06L12 13.06l6.47 6.47 1.06-1.06L13.06 12Z\"><\/path><\/svg><\/button>\n\t\t\t\t\t\t\t<div class=\"wp-block-navigation__responsive-container-content\" \n\t\t\t\tdata-wp-watch=\"callbacks.focusFirstElement\"\n\t\t\t id=\"modal-1-content\">\n\t\t\t\t\t\t\t\t<ul class=\"wp-block-navigation__container is-responsive items-justified-right wp-block-navigation\"><li class=\"wp-block-navigation-item wp-block-navigation-link\"><a class=\"wp-block-navigation-item__content\"  href=\"https:\/\/rede-esmar.gal\/es\/\"><span class=\"wp-block-navigation-item__label\">Inicio<\/span><\/a><\/li><li class=\"wp-block-navigation-item wp-block-navigation-link\"><a class=\"wp-block-navigation-item__content\"  href=\"https:\/\/rede-esmar.gal\/es\/servicios\/\"><span class=\"wp-block-navigation-item__label\">Servicios<\/span><\/a><\/li><li class=\"wp-block-navigation-item wp-block-navigation-link\"><a class=\"wp-block-navigation-item__content\"  href=\"https:\/\/rede-esmar.gal\/es\/agenda\/\"><span class=\"wp-block-navigation-item__label\">Agenda<\/span><\/a><\/li><li class=\"wp-block-navigation-item wp-block-navigation-link\"><a class=\"wp-block-navigation-item__content\"  href=\"https:\/\/rede-esmar.gal\/es\/comunicacion\/\"><span class=\"wp-block-navigation-item__label\">Comunicacion<\/span><\/a><\/li><\/ul>\n\t\t\t\t\t\t\t<\/div>\n\t\t\t\t\t\t<\/div>\n\t\t\t\t\t<\/div>\n\t\t\t\t<\/div><\/nav><\/header>\n\n\n\n<div class=\"wp-block-group alignfull hostinger-ai-about-us-3 hostinger-ai-fade-up has-global-padding is-layout-constrained wp-block-group-is-layout-constrained\">\n<div class=\"wp-block-columns alignwide is-layout-flex wp-container-core-columns-is-layout-1 wp-block-columns-is-layout-flex\">\n<div class=\"wp-block-column is-layout-flow wp-block-column-is-layout-flow\" style=\"flex-basis:60%\">\n<figure class=\"wp-block-image size-full has-custom-border hostinger-ai-service-image hostinger-index-3\"><img decoding=\"async\" src=\"https:\/\/images.unsplash.com\/photo-1493934558415-9d19f0b2b4d2?crop=entropy&amp;cs=srgb&amp;fm=jpg&amp;ixid=M3w0NTI1Mzl8MHwxfHNlYXJjaHwxMHx8dmlydHVhbCUyMG9mZmljZXxlbnwwfHx8fDE3MzE1MzA2Mzh8MA&amp;ixlib=rb-4.0.3&amp;q=85&amp;w=636&amp;h=455&amp;fit=crop\" alt=\"\" class=\"wp-image-542\" style=\"border-radius:8px\"\/><\/figure>\n<\/div>\n\n\n\n<div class=\"wp-block-column is-vertically-aligned-center is-layout-flow wp-block-column-is-layout-flow\" style=\"flex-basis:40%\">\n<div class=\"wp-block-group hostinger-ai-fade-up wp-container-content-1 is-vertical is-content-justification-left is-nowrap is-layout-flex wp-container-core-group-is-layout-3 wp-block-group-is-layout-flex\" style=\"padding-right:var(--wp--preset--spacing--20);padding-left:var(--wp--preset--spacing--20)\">\n<h2 class=\"wp-block-heading hostinger-ai-service-title has-dark-color has-text-color has-link-color has-x-large-font-size wp-elements-24cbeb76effa9831221828b0b4b5dcbd\" style=\"margin-top:0;margin-right:0;margin-bottom:0;margin-left:0;padding-bottom:var(--wp--preset--spacing--20)\">Oficina Virtual Asesor\u00eda<\/h2>\n\n\n\n<p class=\"hostinger-ai-service-description has-dark-color has-text-color has-link-color has-medium-font-size wp-elements-ada97a2b907e4cd0b2f25eed63f2a26d\" style=\"margin-top:0;margin-bottom:var(--wp--preset--spacing--50)\">Creaci\u00f3n de un portal para acceder a servicios de asesoramiento y gesti\u00f3n de informaci\u00f3n.<\/p>\n<\/div>\n<\/div>\n<\/div>\n<\/div>\n\n\n\n<div class=\"wp-block-group alignwide hostinger-ai-fade-up is-content-justification-center is-nowrap is-layout-flex wp-container-core-group-is-layout-8 wp-block-group-is-layout-flex\">\n<div class=\"wp-block-group alignwide hostinger-ai-fade-up has-global-padding is-layout-constrained wp-block-group-is-layout-constrained\">\n<h2 class=\"wp-block-heading alignfull has-text-align-left hostinger-ai-title has-dark-color has-text-color has-link-color has-x-large-font-size wp-elements-f48b01b3ce0d227f49149d3623a08667\" style=\"margin-bottom:var(--wp--preset--spacing--50)\">Opiniones Clientes<\/h2>\n\n\n\n<div class=\"wp-block-columns alignwide is-layout-flex wp-container-core-columns-is-layout-2 wp-block-columns-is-layout-flex\">\n<div class=\"wp-block-column is-vertically-aligned-center is-layout-flow wp-block-column-is-layout-flow\">\n<div class=\"wp-block-group hostinger-ai-fade-up is-nowrap is-layout-flex wp-container-core-group-is-layout-5 wp-block-group-is-layout-flex\">\n<figure class=\"wp-block-image size-full is-resized has-custom-border hostinger-ai-testimonial-image\"><img decoding=\"async\" src=\"https:\/\/images.unsplash.com\/photo-1722118354960-ef3217ebd7e1?crop=entropy&amp;cs=srgb&amp;fm=jpg&amp;ixid=M3w0NTI1Mzl8MHwxfHNlYXJjaHwxfHxtYW4lMjBmYWNlfGVufDB8fHx8MTczMTQ4NzAwNnww&amp;ixlib=rb-4.0.3&amp;q=85&amp;w=98&amp;h=108&amp;fit=crop\" alt=\"\" class=\"wp-image-265\" style=\"border-radius:8px;width:148px;height:auto\"\/><\/figure>\n\n\n\n<p class=\"hostinger-ai-testimonial-text has-dark-color has-text-color has-link-color has-medium-font-size wp-elements-2ec9660c024d57d3ae621eaeb26524ca wp-container-content-2\" style=\"padding-left:var(--wp--preset--spacing--20)\">La oficina virtual facilit\u00f3 el acceso a servicios de asesoramiento de manera eficiente.<\/p>\n<\/div>\n<\/div>\n\n\n\n<div class=\"wp-block-column is-vertically-aligned-center is-layout-flow wp-block-column-is-layout-flow\">\n<div class=\"wp-block-group hostinger-ai-fade-up is-nowrap is-layout-flex wp-container-core-group-is-layout-6 wp-block-group-is-layout-flex\">\n<figure class=\"wp-block-image size-full is-resized has-custom-border hostinger-ai-testimonial-image hostinger-index-1\"><img decoding=\"async\" src=\"https:\/\/images.unsplash.com\/photo-1594369428909-cf575675ca9a?crop=entropy&amp;cs=srgb&amp;fm=jpg&amp;ixid=M3w0NTI1Mzl8MHwxfHNlYXJjaHw2fHx3b21hbiUyMGZhY2V8ZW58MHx8fHwxNzMxNTExOTA2fDA&amp;ixlib=rb-4.0.3&amp;q=85&amp;w=98&amp;h=108&amp;fit=crop\" alt=\"\" class=\"wp-image-266\" style=\"border-radius:8px;width:148px;height:auto\"\/><\/figure>\n\n\n\n<p class=\"hostinger-ai-testimonial-text hostinger-index-1 has-dark-color has-text-color has-link-color has-medium-font-size wp-elements-f8830dcf7c8c717ca6dd4e02d3e39a12 wp-container-content-3\" style=\"padding-left:var(--wp--preset--spacing--20)\">Excelente gesti\u00f3n de agenda y comunicaci\u00f3n, mejorando la experiencia del usuario notablemente.<\/p>\n<\/div>\n<\/div>\n<\/div>\n<\/div>\n<\/div>\n\n\n\n<div class=\"wp-block-group alignfull hostinger-ai-solid-block hostinger-ai-fade-up has-color-1-background-color has-background has-global-padding is-layout-constrained wp-block-group-is-layout-constrained\" style=\"padding-top:var(--wp--preset--spacing--60);padding-bottom:var(--wp--preset--spacing--60)\">\n<div class=\"wp-block-group alignwide hostinger-ai-fade-up is-vertical is-content-justification-center is-nowrap is-layout-flex wp-container-core-group-is-layout-10 wp-block-group-is-layout-flex\" style=\"min-height:0px;padding-top:0;padding-bottom:0\">\n<div class=\"wp-block-group hostinger-ai-fade-up wp-container-content-4 has-global-padding is-content-justification-center is-layout-constrained wp-container-core-group-is-layout-9 wp-block-group-is-layout-constrained\">\n<h2 class=\"wp-block-heading has-text-align-center hostinger-ai-title has-dark-color has-text-color has-link-color has-x-large-font-size wp-elements-247437314009c3a9282c4a8b43fa2e23\" style=\"margin-top:0;margin-right:0;margin-bottom:0;margin-left:0\">Asesor\u00eda Virtual Eficaz<\/h2>\n\n\n\n<p class=\"has-text-align-center hostinger-ai-description has-dark-color has-text-color has-link-color has-medium-font-size wp-elements-e1fbbe036fc4ef4b1a21900ad298e093\" style=\"margin-top:var(--wp--preset--spacing--20);margin-bottom:var(--wp--preset--spacing--50)\">Accede a nuestros servicios de asesoramiento, gesti\u00f3n de agendas y comunicaci\u00f3n directa. \u00a1Estamos aqu\u00ed para ayudarte!<\/p>\n\n\n\n<div class=\"wp-block-buttons is-content-justification-center is-layout-flex wp-container-core-buttons-is-layout-1 wp-block-buttons-is-layout-flex\">\n<div class=\"wp-block-button has-custom-font-size hostinger-ai-cta-button has-medium-font-size\"><a class=\"wp-block-button__link has-dark-color has-contrast-background-color has-text-color has-background has-link-color has-border-color has-dark-border-color wp-element-button\" style=\"padding-top:var(--wp--preset--spacing--30);padding-right:var(--wp--preset--spacing--70);padding-bottom:var(--wp--preset--spacing--30);padding-left:var(--wp--preset--spacing--70)\">Cont\u00e1ctanos<\/a><\/div>\n<\/div>\n<\/div>\n<\/div>\n<\/div>","protected":false},"excerpt":{"rendered":"<p>Oficina Virtual Asesor\u00eda Creaci\u00f3n de un portal para acceder a servicios de asesoramiento y gesti\u00f3n de informaci\u00f3n. Opiniones Clientes La oficina virtual facilit\u00f3 el acceso a servicios de asesoramiento de [&hellip;]<\/p>","protected":false},"author":1,"featured_media":0,"parent":0,"menu_order":0,"comment_status":"closed","ping_status":"closed","template":"","meta":{"_acf_changed":false,"saved_in_kubio":false,"content-type":"","osom_blocks_metabox":"","_monsterinsights_skip_tracking":false,"_monsterinsights_sitenote_active":false,"_monsterinsights_sitenote_note":"","_monsterinsights_sitenote_category":0,"_price":"","_stock":"","_tribe_ticket_header":"","_tribe_default_ticket_provider":"","_tribe_ticket_capacity":"0","_ticket_start_date":"","_ticket_end_date":"","_tribe_ticket_show_description":"","_tribe_ticket_show_not_going":false,"_tribe_ticket_use_global_stock":"","_tribe_ticket_global_stock_level":"","_global_stock_mode":"","_global_stock_cap":"","_tribe_rsvp_for_event":"","_tribe_ticket_going_count":"","_tribe_ticket_not_going_count":"","_tribe_tickets_list":"[]","_tribe_ticket_has_attendee_info_fields":false,"_EventAllDay":false,"_EventTimezone":"","_EventStartDate":"","_EventEndDate":"","_EventStartDateUTC":"","_EventEndDateUTC":"","_EventShowMap":false,"_EventShowMapLink":false,"_EventURL":"","_EventCost":"","_EventCostDescription":"","_EventCurrencySymbol":"","_EventCurrencyCode":"","_EventCurrencyPosition":"","_EventDateTimeSeparator":"","_EventTimeRangeSeparator":"","_EventOrganizerID":[],"_EventVenueID":[],"_OrganizerEmail":"","_OrganizerPhone":"","_OrganizerWebsite":"","_VenueAddress":"","_VenueCity":"","_VenueCountry":"","_VenueProvince":"","_VenueState":"","_VenueZip":"","_VenuePhone":"","_VenueURL":"","_VenueStateProvince":"","_VenueLat":"","_VenueLng":"","_VenueShowMap":false,"_VenueShowMapLink":false,"footnotes":"","_tec_slr_enabled":"","_tec_slr_layout":""},"class_list":["post-6","page","type-page","status-publish","hentry"],"acf":[],"kubio_ai_page_context":{"short_desc":"","purpose":"general"},"yoast_head":"<!-- This site is optimized with the Yoast SEO plugin v26.1.1 - https:\/\/yoast.com\/wordpress\/plugins\/seo\/ -->\n<title>Servicios - ES\u00b7MAR<\/title>\n<meta name=\"robots\" content=\"index, follow, max-snippet:-1, max-image-preview:large, max-video-preview:-1\" \/>\n<link rel=\"canonical\" href=\"https:\/\/rede-esmar.gal\/es\/servicios\/\" \/>\n<meta property=\"og:locale\" content=\"es_ES\" \/>\n<meta property=\"og:type\" content=\"article\" \/>\n<meta property=\"og:title\" content=\"Servicios - ES\u00b7MAR\" \/>\n<meta property=\"og:description\" content=\"Oficina Virtual Asesor\u00eda Creaci\u00f3n de un portal para acceder a servicios de asesoramiento y gesti\u00f3n de informaci\u00f3n. Opiniones Clientes La oficina virtual facilit\u00f3 el acceso a servicios de asesoramiento de [&hellip;]\" \/>\n<meta property=\"og:url\" content=\"https:\/\/rede-esmar.gal\/es\/servicios\/\" \/>\n<meta property=\"og:site_name\" content=\"ES\u00b7MAR\" \/>\n<meta property=\"article:modified_time\" content=\"2024-11-14T15:25:52+00:00\" \/>\n<meta property=\"og:image\" content=\"https:\/\/images.unsplash.com\/photo-1493934558415-9d19f0b2b4d2?crop=entropy&amp;cs=srgb&amp;fm=jpg&amp;ixid=M3w0NTI1Mzl8MHwxfHNlYXJjaHwxMHx8dmlydHVhbCUyMG9mZmljZXxlbnwwfHx8fDE3MzE1MzA2Mzh8MA&amp;ixlib=rb-4.0.3&amp;q=85&amp;w=636&amp;h=455&amp;fit=crop\" \/>\n<meta name=\"twitter:card\" content=\"summary_large_image\" \/>\n<script type=\"application\/ld+json\" class=\"yoast-schema-graph\">{\"@context\":\"https:\/\/schema.org\",\"@graph\":[{\"@type\":\"WebPage\",\"@id\":\"https:\/\/rede-esmar.gal\/servicios\/\",\"url\":\"https:\/\/rede-esmar.gal\/servicios\/\",\"name\":\"Servicios - ES\u00b7MAR\",\"isPartOf\":{\"@id\":\"https:\/\/rede-esmar.gal\/#website\"},\"primaryImageOfPage\":{\"@id\":\"https:\/\/rede-esmar.gal\/servicios\/#primaryimage\"},\"image\":{\"@id\":\"https:\/\/rede-esmar.gal\/servicios\/#primaryimage\"},\"thumbnailUrl\":\"https:\/\/images.unsplash.com\/photo-1493934558415-9d19f0b2b4d2?crop=entropy&amp;cs=srgb&amp;fm=jpg&amp;ixid=M3w0NTI1Mzl8MHwxfHNlYXJjaHwxMHx8dmlydHVhbCUyMG9mZmljZXxlbnwwfHx8fDE3MzE1MzA2Mzh8MA&amp;ixlib=rb-4.0.3&amp;q=85&amp;w=636&amp;h=455&amp;fit=crop\",\"datePublished\":\"2024-11-13T20:43:58+00:00\",\"dateModified\":\"2024-11-14T15:25:52+00:00\",\"breadcrumb\":{\"@id\":\"https:\/\/rede-esmar.gal\/servicios\/#breadcrumb\"},\"inLanguage\":\"es\",\"potentialAction\":[{\"@type\":\"ReadAction\",\"target\":[\"https:\/\/rede-esmar.gal\/servicios\/\"]}]},{\"@type\":\"ImageObject\",\"inLanguage\":\"es\",\"@id\":\"https:\/\/rede-esmar.gal\/servicios\/#primaryimage\",\"url\":\"https:\/\/images.unsplash.com\/photo-1493934558415-9d19f0b2b4d2?crop=entropy&amp;cs=srgb&amp;fm=jpg&amp;ixid=M3w0NTI1Mzl8MHwxfHNlYXJjaHwxMHx8dmlydHVhbCUyMG9mZmljZXxlbnwwfHx8fDE3MzE1MzA2Mzh8MA&amp;ixlib=rb-4.0.3&amp;q=85&amp;w=636&amp;h=455&amp;fit=crop\",\"contentUrl\":\"https:\/\/images.unsplash.com\/photo-1493934558415-9d19f0b2b4d2?crop=entropy&amp;cs=srgb&amp;fm=jpg&amp;ixid=M3w0NTI1Mzl8MHwxfHNlYXJjaHwxMHx8dmlydHVhbCUyMG9mZmljZXxlbnwwfHx8fDE3MzE1MzA2Mzh8MA&amp;ixlib=rb-4.0.3&amp;q=85&amp;w=636&amp;h=455&amp;fit=crop\"},{\"@type\":\"BreadcrumbList\",\"@id\":\"https:\/\/rede-esmar.gal\/servicios\/#breadcrumb\",\"itemListElement\":[{\"@type\":\"ListItem\",\"position\":1,\"name\":\"Portada\",\"item\":\"https:\/\/rede-esmar.gal\/\"},{\"@type\":\"ListItem\",\"position\":2,\"name\":\"Servicios\"}]},{\"@type\":\"WebSite\",\"@id\":\"https:\/\/rede-esmar.gal\/#website\",\"url\":\"https:\/\/rede-esmar.gal\/\",\"name\":\"ES\u00b7MAR\",\"description\":\"\",\"publisher\":{\"@id\":\"https:\/\/rede-esmar.gal\/#organization\"},\"potentialAction\":[{\"@type\":\"SearchAction\",\"target\":{\"@type\":\"EntryPoint\",\"urlTemplate\":\"https:\/\/rede-esmar.gal\/?s={search_term_string}\"},\"query-input\":{\"@type\":\"PropertyValueSpecification\",\"valueRequired\":true,\"valueName\":\"search_term_string\"}}],\"inLanguage\":\"es\"},{\"@type\":\"Organization\",\"@id\":\"https:\/\/rede-esmar.gal\/#organization\",\"name\":\"ES\u00b7MAR\",\"url\":\"https:\/\/rede-esmar.gal\/\",\"logo\":{\"@type\":\"ImageObject\",\"inLanguage\":\"es\",\"@id\":\"https:\/\/rede-esmar.gal\/#\/schema\/logo\/image\/\",\"url\":\"https:\/\/rede-esmar.gal\/wp-content\/uploads\/2025\/01\/logo-web-blanco-1.png\",\"contentUrl\":\"https:\/\/rede-esmar.gal\/wp-content\/uploads\/2025\/01\/logo-web-blanco-1.png\",\"width\":300,\"height\":99,\"caption\":\"ES\u00b7MAR\"},\"image\":{\"@id\":\"https:\/\/rede-esmar.gal\/#\/schema\/logo\/image\/\"}}]}<\/script>\n<!-- \/ Yoast SEO plugin. -->","yoast_head_json":{"title":"Servicios - ES\u00b7MAR","robots":{"index":"index","follow":"follow","max-snippet":"max-snippet:-1","max-image-preview":"max-image-preview:large","max-video-preview":"max-video-preview:-1"},"canonical":"https:\/\/rede-esmar.gal\/es\/servicios\/","og_locale":"es_ES","og_type":"article","og_title":"Servicios - ES\u00b7MAR","og_description":"Oficina Virtual Asesor\u00eda Creaci\u00f3n de un portal para acceder a servicios de asesoramiento y gesti\u00f3n de informaci\u00f3n. Opiniones Clientes La oficina virtual facilit\u00f3 el acceso a servicios de asesoramiento de [&hellip;]","og_url":"https:\/\/rede-esmar.gal\/es\/servicios\/","og_site_name":"ES\u00b7MAR","article_modified_time":"2024-11-14T15:25:52+00:00","og_image":[{"url":"https:\/\/images.unsplash.com\/photo-1493934558415-9d19f0b2b4d2?crop=entropy&amp;cs=srgb&amp;fm=jpg&amp;ixid=M3w0NTI1Mzl8MHwxfHNlYXJjaHwxMHx8dmlydHVhbCUyMG9mZmljZXxlbnwwfHx8fDE3MzE1MzA2Mzh8MA&amp;ixlib=rb-4.0.3&amp;q=85&amp;w=636&amp;h=455&amp;fit=crop","type":"","width":"","height":""}],"twitter_card":"summary_large_image","schema":{"@context":"https:\/\/schema.org","@graph":[{"@type":"WebPage","@id":"https:\/\/rede-esmar.gal\/servicios\/","url":"https:\/\/rede-esmar.gal\/servicios\/","name":"Servicios - ES\u00b7MAR","isPartOf":{"@id":"https:\/\/rede-esmar.gal\/#website"},"primaryImageOfPage":{"@id":"https:\/\/rede-esmar.gal\/servicios\/#primaryimage"},"image":{"@id":"https:\/\/rede-esmar.gal\/servicios\/#primaryimage"},"thumbnailUrl":"https:\/\/images.unsplash.com\/photo-1493934558415-9d19f0b2b4d2?crop=entropy&amp;cs=srgb&amp;fm=jpg&amp;ixid=M3w0NTI1Mzl8MHwxfHNlYXJjaHwxMHx8dmlydHVhbCUyMG9mZmljZXxlbnwwfHx8fDE3MzE1MzA2Mzh8MA&amp;ixlib=rb-4.0.3&amp;q=85&amp;w=636&amp;h=455&amp;fit=crop","datePublished":"2024-11-13T20:43:58+00:00","dateModified":"2024-11-14T15:25:52+00:00","breadcrumb":{"@id":"https:\/\/rede-esmar.gal\/servicios\/#breadcrumb"},"inLanguage":"es","potentialAction":[{"@type":"ReadAction","target":["https:\/\/rede-esmar.gal\/servicios\/"]}]},{"@type":"ImageObject","inLanguage":"es","@id":"https:\/\/rede-esmar.gal\/servicios\/#primaryimage","url":"https:\/\/images.unsplash.com\/photo-1493934558415-9d19f0b2b4d2?crop=entropy&amp;cs=srgb&amp;fm=jpg&amp;ixid=M3w0NTI1Mzl8MHwxfHNlYXJjaHwxMHx8dmlydHVhbCUyMG9mZmljZXxlbnwwfHx8fDE3MzE1MzA2Mzh8MA&amp;ixlib=rb-4.0.3&amp;q=85&amp;w=636&amp;h=455&amp;fit=crop","contentUrl":"https:\/\/images.unsplash.com\/photo-1493934558415-9d19f0b2b4d2?crop=entropy&amp;cs=srgb&amp;fm=jpg&amp;ixid=M3w0NTI1Mzl8MHwxfHNlYXJjaHwxMHx8dmlydHVhbCUyMG9mZmljZXxlbnwwfHx8fDE3MzE1MzA2Mzh8MA&amp;ixlib=rb-4.0.3&amp;q=85&amp;w=636&amp;h=455&amp;fit=crop"},{"@type":"BreadcrumbList","@id":"https:\/\/rede-esmar.gal\/servicios\/#breadcrumb","itemListElement":[{"@type":"ListItem","position":1,"name":"Portada","item":"https:\/\/rede-esmar.gal\/"},{"@type":"ListItem","position":2,"name":"Servicios"}]},{"@type":"WebSite","@id":"https:\/\/rede-esmar.gal\/#website","url":"https:\/\/rede-esmar.gal\/","name":"ES\u00b7MAR","description":"","publisher":{"@id":"https:\/\/rede-esmar.gal\/#organization"},"potentialAction":[{"@type":"SearchAction","target":{"@type":"EntryPoint","urlTemplate":"https:\/\/rede-esmar.gal\/?s={search_term_string}"},"query-input":{"@type":"PropertyValueSpecification","valueRequired":true,"valueName":"search_term_string"}}],"inLanguage":"es"},{"@type":"Organization","@id":"https:\/\/rede-esmar.gal\/#organization","name":"ES\u00b7MAR","url":"https:\/\/rede-esmar.gal\/","logo":{"@type":"ImageObject","inLanguage":"es","@id":"https:\/\/rede-esmar.gal\/#\/schema\/logo\/image\/","url":"https:\/\/rede-esmar.gal\/wp-content\/uploads\/2025\/01\/logo-web-blanco-1.png","contentUrl":"https:\/\/rede-esmar.gal\/wp-content\/uploads\/2025\/01\/logo-web-blanco-1.png","width":300,"height":99,"caption":"ES\u00b7MAR"},"image":{"@id":"https:\/\/rede-esmar.gal\/#\/schema\/logo\/image\/"}}]}},"jetpack_sharing_enabled":true,"ticketed":false,"_links":{"self":[{"href":"https:\/\/rede-esmar.gal\/es\/wp-json\/wp\/v2\/pages\/6","targetHints":{"allow":["GET"]}}],"collection":[{"href":"https:\/\/rede-esmar.gal\/es\/wp-json\/wp\/v2\/pages"}],"about":[{"href":"https:\/\/rede-esmar.gal\/es\/wp-json\/wp\/v2\/types\/page"}],"author":[{"embeddable":true,"href":"https:\/\/rede-esmar.gal\/es\/wp-json\/wp\/v2\/users\/1"}],"replies":[{"embeddable":true,"href":"https:\/\/rede-esmar.gal\/es\/wp-json\/wp\/v2\/comments?post=6"}],"version-history":[{"count":1,"href":"https:\/\/rede-esmar.gal\/es\/wp-json\/wp\/v2\/pages\/6\/revisions"}],"predecessor-version":[{"id":96,"href":"https:\/\/rede-esmar.gal\/es\/wp-json\/wp\/v2\/pages\/6\/revisions\/96"}],"wp:attachment":[{"href":"https:\/\/rede-esmar.gal\/es\/wp-json\/wp\/v2\/media?parent=6"}],"curies":[{"name":"wp","href":"https:\/\/api.w.org\/{rel}","templated":true}]}}