{"id":8,"date":"2024-11-13T20:43:58","date_gmt":"2024-11-13T20:43:58","guid":{"rendered":"https:\/\/rede-esmar.gal\/comunicacion\/"},"modified":"2025-10-21T18:35:16","modified_gmt":"2025-10-21T17:35:16","slug":"comunicacion","status":"publish","type":"page","link":"https:\/\/rede-esmar.gal\/es\/comunicacion\/","title":{"rendered":""},"content":{"rendered":"<div class=\"osomblocks-cptlist alignwide\" ><article class=\"entry\"><a href=\"https:\/\/rede-esmar.gal\/es\/a-xunta-inviste-100-000-euros-na-renovacion-do-pavimento-do-pantalan-pesqueiro-e-mexilloeiro-de-vilanova-de-arousa\/\"><\/a><div><header><h2><a href=\"https:\/\/rede-esmar.gal\/es\/a-xunta-inviste-100-000-euros-na-renovacion-do-pavimento-do-pantalan-pesqueiro-e-mexilloeiro-de-vilanova-de-arousa\/\">La Xunta invierte 100.000 euros en la renovaci\u00f3n del pavimento del pantal\u00e1n pesquero y mejillonero de Vilanova de Arousa<\/a><\/h2><\/header><p>La Consejer\u00eda del Mar, a trav\u00e9s de Puertos de Galicia, invertir\u00e1 100.000 euros en la renovaci\u00f3n integral del pavimento de madera del pantal\u00e1n profesional para embarcaciones pesqueras y bateas de Vilanova de Arousa (Pontevedra). As\u00ed lo confirm\u00f3 en la ma\u00f1ana de 7 de abril la conselleira Marta Villaverde en una visita a la d\u00e1rsena para presentar la actuaci\u00f3n. (\u2026)<\/p><a class=\"more-link\" href=\"https:\/\/rede-esmar.gal\/es\/a-xunta-inviste-100-000-euros-na-renovacion-do-pavimento-do-pantalan-pesqueiro-e-mexilloeiro-de-vilanova-de-arousa\/\">Saber m\u00e1s<\/a><\/div><\/article><article class=\"entry\"><a href=\"https:\/\/rede-esmar.gal\/es\/a-fundacion-expomar-coloca-1200-racions-de-peixe-en-comedores-escolares-centros-de-maiores-e-de-inclusion-social-polo-dia-do-peixe\/\"><\/a><div><header><h2><a href=\"https:\/\/rede-esmar.gal\/es\/a-fundacion-expomar-coloca-1200-racions-de-peixe-en-comedores-escolares-centros-de-maiores-e-de-inclusion-social-polo-dia-do-peixe\/\">La Fundaci\u00f3n Expomar coloca 1200 raciones de pescado en comedores escolares, centros de mayores y de inclusi\u00f3n social por el \u201cD\u00eda do Peixe\u201d<\/a><\/h2><\/header><p>Comedores de centros escolares, centros de mayores y de inclusi\u00f3n social del territorio de la Mari\u00f1a-Ortegal celebraron desde el mi\u00e9rcoles, 8 de abril, hasta el viernes, 10 de abril, el \u201cD\u00eda do peixe\u201d dentro del proyecto \u201cSostenibilidad de la actividad pesquera y consumo responsable\u201d,(\u2026)<\/p><a class=\"more-link\" href=\"https:\/\/rede-esmar.gal\/es\/a-fundacion-expomar-coloca-1200-racions-de-peixe-en-comedores-escolares-centros-de-maiores-e-de-inclusion-social-polo-dia-do-peixe\/\">Saber m\u00e1s<\/a><\/div><\/article><article class=\"entry\"><a href=\"https:\/\/rede-esmar.gal\/es\/a-conselleria-do-mar-e-a-confraria-de-lira-valoran-o-impacto-positivo-das-axudas-para-a-modernizacion-dos-equipamentos-pesqueiros\/\"><\/a><div><header><h2><a href=\"https:\/\/rede-esmar.gal\/es\/a-conselleria-do-mar-e-a-confraria-de-lira-valoran-o-impacto-positivo-das-axudas-para-a-modernizacion-dos-equipamentos-pesqueiros\/\">La Xunta aborda con el sector en la comisi\u00f3n del mejill\u00f3n el inicio de los trabajos para elaborar el nuevo decreto de acuicultura marina<\/a><\/h2><\/header><p>La conselleira del Mar, Marta Villaverde, present\u00f3 el 9 de abril en la Comisi\u00f3n del Mejill\u00f3n el inicio de los trabajos para elaborar el futuro decreto de Acuicultura Marina de Galicia, una normativa con la que consolidar el desarrollo y la ordenaci\u00f3n de un sector estrat\u00e9gico para nuestra comunidad. (\u2026)<\/p><a class=\"more-link\" href=\"https:\/\/rede-esmar.gal\/es\/a-conselleria-do-mar-e-a-confraria-de-lira-valoran-o-impacto-positivo-das-axudas-para-a-modernizacion-dos-equipamentos-pesqueiros\/\">Saber m\u00e1s<\/a><\/div><\/article><\/div><div class=\"osom-pagination\"><span aria-current=\"page\" class=\"page-numbers current\">1<\/span>\n<a class=\"page-numbers\" href=\"https:\/\/rede-esmar.gal\/es\/wp-json\/wp\/v2\/pages\/8\/page\/2\/\">2<\/a>\n<span class=\"page-numbers dots\">&hellip;<\/span>\n<a class=\"page-numbers\" href=\"https:\/\/rede-esmar.gal\/es\/wp-json\/wp\/v2\/pages\/8\/page\/83\/\">83<\/a>\n<a class=\"page-numbers\" href=\"https:\/\/rede-esmar.gal\/es\/wp-json\/wp\/v2\/pages\/8\/page\/84\/\">84<\/a>\n<a class=\"next page-numbers\" href=\"https:\/\/rede-esmar.gal\/es\/wp-json\/wp\/v2\/pages\/8\/page\/2\/\">Entradas siguientes &raquo; <i><\/i><\/a><\/div>\n\n\n\n\n<p><\/p>","protected":false},"excerpt":{"rendered":"","protected":false},"author":1,"featured_media":0,"parent":0,"menu_order":0,"comment_status":"closed","ping_status":"closed","template":"","meta":{"_acf_changed":false,"saved_in_kubio":true,"content-type":"","osom_blocks_metabox":"","_monsterinsights_skip_tracking":false,"_monsterinsights_sitenote_active":false,"_monsterinsights_sitenote_note":"","_monsterinsights_sitenote_category":0,"_price":"","_stock":"","_tribe_ticket_header":"","_tribe_default_ticket_provider":"","_tribe_ticket_capacity":"0","_ticket_start_date":"","_ticket_end_date":"","_tribe_ticket_show_description":"","_tribe_ticket_show_not_going":false,"_tribe_ticket_use_global_stock":"","_tribe_ticket_global_stock_level":"","_global_stock_mode":"","_global_stock_cap":"","_tribe_rsvp_for_event":"","_tribe_ticket_going_count":"","_tribe_ticket_not_going_count":"","_tribe_tickets_list":"[]","_tribe_ticket_has_attendee_info_fields":false,"_EventAllDay":false,"_EventTimezone":"","_EventStartDate":"","_EventEndDate":"","_EventStartDateUTC":"","_EventEndDateUTC":"","_EventShowMap":false,"_EventShowMapLink":false,"_EventURL":"","_EventCost":"","_EventCostDescription":"","_EventCurrencySymbol":"","_EventCurrencyCode":"","_EventCurrencyPosition":"","_EventDateTimeSeparator":"","_EventTimeRangeSeparator":"","_EventOrganizerID":[],"_EventVenueID":[],"_OrganizerEmail":"","_OrganizerPhone":"","_OrganizerWebsite":"","_VenueAddress":"","_VenueCity":"","_VenueCountry":"","_VenueProvince":"","_VenueState":"","_VenueZip":"","_VenuePhone":"","_VenueURL":"","_VenueStateProvince":"","_VenueLat":"","_VenueLng":"","_VenueShowMap":false,"_VenueShowMapLink":false,"footnotes":"","_tec_slr_enabled":"","_tec_slr_layout":""},"class_list":["post-8","page","type-page","status-publish","hentry"],"acf":[],"kubio_ai_page_context":{"short_desc":"","purpose":"general"},"yoast_head":"<!-- This site is optimized with the Yoast SEO plugin v26.1.1 - https:\/\/yoast.com\/wordpress\/plugins\/seo\/ -->\n<title>- ES\u00b7MAR<\/title>\n<meta name=\"robots\" content=\"index, follow, max-snippet:-1, max-image-preview:large, max-video-preview:-1\" \/>\n<link rel=\"canonical\" href=\"https:\/\/rede-esmar.gal\/es\/comunicacion\/\" \/>\n<meta property=\"og:locale\" content=\"es_ES\" \/>\n<meta property=\"og:type\" content=\"article\" \/>\n<meta property=\"og:title\" content=\"- ES\u00b7MAR\" \/>\n<meta property=\"og:url\" content=\"https:\/\/rede-esmar.gal\/es\/comunicacion\/\" \/>\n<meta property=\"og:site_name\" content=\"ES\u00b7MAR\" \/>\n<meta property=\"article:modified_time\" content=\"2025-10-21T17:35:16+00:00\" \/>\n<meta name=\"twitter:card\" content=\"summary_large_image\" \/>\n<script type=\"application\/ld+json\" class=\"yoast-schema-graph\">{\"@context\":\"https:\/\/schema.org\",\"@graph\":[{\"@type\":\"WebPage\",\"@id\":\"https:\/\/rede-esmar.gal\/comunicacion\/\",\"url\":\"https:\/\/rede-esmar.gal\/comunicacion\/\",\"name\":\"- ES\u00b7MAR\",\"isPartOf\":{\"@id\":\"https:\/\/rede-esmar.gal\/#website\"},\"datePublished\":\"2024-11-13T20:43:58+00:00\",\"dateModified\":\"2025-10-21T17:35:16+00:00\",\"inLanguage\":\"es\",\"potentialAction\":[{\"@type\":\"ReadAction\",\"target\":[\"https:\/\/rede-esmar.gal\/comunicacion\/\"]}]},{\"@type\":\"WebSite\",\"@id\":\"https:\/\/rede-esmar.gal\/#website\",\"url\":\"https:\/\/rede-esmar.gal\/\",\"name\":\"ES\u00b7MAR\",\"description\":\"\",\"publisher\":{\"@id\":\"https:\/\/rede-esmar.gal\/#organization\"},\"potentialAction\":[{\"@type\":\"SearchAction\",\"target\":{\"@type\":\"EntryPoint\",\"urlTemplate\":\"https:\/\/rede-esmar.gal\/?s={search_term_string}\"},\"query-input\":{\"@type\":\"PropertyValueSpecification\",\"valueRequired\":true,\"valueName\":\"search_term_string\"}}],\"inLanguage\":\"es\"},{\"@type\":\"Organization\",\"@id\":\"https:\/\/rede-esmar.gal\/#organization\",\"name\":\"ES\u00b7MAR\",\"url\":\"https:\/\/rede-esmar.gal\/\",\"logo\":{\"@type\":\"ImageObject\",\"inLanguage\":\"es\",\"@id\":\"https:\/\/rede-esmar.gal\/#\/schema\/logo\/image\/\",\"url\":\"https:\/\/rede-esmar.gal\/wp-content\/uploads\/2025\/01\/logo-web-blanco-1.png\",\"contentUrl\":\"https:\/\/rede-esmar.gal\/wp-content\/uploads\/2025\/01\/logo-web-blanco-1.png\",\"width\":300,\"height\":99,\"caption\":\"ES\u00b7MAR\"},\"image\":{\"@id\":\"https:\/\/rede-esmar.gal\/#\/schema\/logo\/image\/\"}}]}<\/script>\n<!-- \/ Yoast SEO plugin. -->","yoast_head_json":{"title":"- ES\u00b7MAR","robots":{"index":"index","follow":"follow","max-snippet":"max-snippet:-1","max-image-preview":"max-image-preview:large","max-video-preview":"max-video-preview:-1"},"canonical":"https:\/\/rede-esmar.gal\/es\/comunicacion\/","og_locale":"es_ES","og_type":"article","og_title":"- ES\u00b7MAR","og_url":"https:\/\/rede-esmar.gal\/es\/comunicacion\/","og_site_name":"ES\u00b7MAR","article_modified_time":"2025-10-21T17:35:16+00:00","twitter_card":"summary_large_image","schema":{"@context":"https:\/\/schema.org","@graph":[{"@type":"WebPage","@id":"https:\/\/rede-esmar.gal\/comunicacion\/","url":"https:\/\/rede-esmar.gal\/comunicacion\/","name":"- ES\u00b7MAR","isPartOf":{"@id":"https:\/\/rede-esmar.gal\/#website"},"datePublished":"2024-11-13T20:43:58+00:00","dateModified":"2025-10-21T17:35:16+00:00","inLanguage":"es","potentialAction":[{"@type":"ReadAction","target":["https:\/\/rede-esmar.gal\/comunicacion\/"]}]},{"@type":"WebSite","@id":"https:\/\/rede-esmar.gal\/#website","url":"https:\/\/rede-esmar.gal\/","name":"ES\u00b7MAR","description":"","publisher":{"@id":"https:\/\/rede-esmar.gal\/#organization"},"potentialAction":[{"@type":"SearchAction","target":{"@type":"EntryPoint","urlTemplate":"https:\/\/rede-esmar.gal\/?s={search_term_string}"},"query-input":{"@type":"PropertyValueSpecification","valueRequired":true,"valueName":"search_term_string"}}],"inLanguage":"es"},{"@type":"Organization","@id":"https:\/\/rede-esmar.gal\/#organization","name":"ES\u00b7MAR","url":"https:\/\/rede-esmar.gal\/","logo":{"@type":"ImageObject","inLanguage":"es","@id":"https:\/\/rede-esmar.gal\/#\/schema\/logo\/image\/","url":"https:\/\/rede-esmar.gal\/wp-content\/uploads\/2025\/01\/logo-web-blanco-1.png","contentUrl":"https:\/\/rede-esmar.gal\/wp-content\/uploads\/2025\/01\/logo-web-blanco-1.png","width":300,"height":99,"caption":"ES\u00b7MAR"},"image":{"@id":"https:\/\/rede-esmar.gal\/#\/schema\/logo\/image\/"}}]}},"jetpack_sharing_enabled":true,"ticketed":false,"_links":{"self":[{"href":"https:\/\/rede-esmar.gal\/es\/wp-json\/wp\/v2\/pages\/8","targetHints":{"allow":["GET"]}}],"collection":[{"href":"https:\/\/rede-esmar.gal\/es\/wp-json\/wp\/v2\/pages"}],"about":[{"href":"https:\/\/rede-esmar.gal\/es\/wp-json\/wp\/v2\/types\/page"}],"author":[{"embeddable":true,"href":"https:\/\/rede-esmar.gal\/es\/wp-json\/wp\/v2\/users\/1"}],"replies":[{"embeddable":true,"href":"https:\/\/rede-esmar.gal\/es\/wp-json\/wp\/v2\/comments?post=8"}],"version-history":[{"count":39,"href":"https:\/\/rede-esmar.gal\/es\/wp-json\/wp\/v2\/pages\/8\/revisions"}],"predecessor-version":[{"id":14625,"href":"https:\/\/rede-esmar.gal\/es\/wp-json\/wp\/v2\/pages\/8\/revisions\/14625"}],"wp:attachment":[{"href":"https:\/\/rede-esmar.gal\/es\/wp-json\/wp\/v2\/media?parent=8"}],"curies":[{"name":"wp","href":"https:\/\/api.w.org\/{rel}","templated":true}]}}